

{"id":139,"date":"2025-09-13T23:04:34","date_gmt":"2025-09-13T21:04:34","guid":{"rendered":"https:\/\/mnbaservices.com\/?page_id=139"},"modified":"2025-10-24T17:31:50","modified_gmt":"2025-10-24T17:31:50","slug":"diagnostic-digital","status":"publish","type":"page","link":"https:\/\/mnbaservices.com\/index.php\/diagnostic-digital\/","title":{"rendered":"Diagnostic Digital"},"content":{"rendered":"\n<!DOCTYPE html>\n<html lang=\"fr\">\n<head>\n    <meta charset=\"UTF-8\">\n    <meta name=\"viewport\" content=\"width=device-width, initial-scale=1.0\">\n    <title>Diagnostic Digital<\/title>\n    <link rel=\"stylesheet\" href=\"https:\/\/fonts.googleapis.com\/css2?family=Fira+Sans:wght@300;400;600;700&#038;display=swap\">\n    <style>\n        \/* Variables de couleurs *\/\n        :root {\n            --primary-color: #f4760b; \/* Orange *\/\n            --primary-dark: #0c4897; \/* Bleu *\/\n            --secondary-bg: #e6f0fa; \/* Bleu clair neutre pour fonds *\/\n            --accent-color: #f4760b; \/* Orange pour accents *\/\n            --dark-color: #1f2937;\n            --gray-light: #f9fafb;\n            --white: #ffffff;\n            --text-dark: #111827;\n            --text-gray: #6b7280;\n        }\n\n        * {\n            box-sizing: border-box;\n            margin: 0;\n            padding: 0;\n        }\n\n        body {\n            font-family: 'Fira Sans', sans-serif;\n            line-height: 1.6;\n            color: var(--text-dark);\n        }\n\n        .container {\n            max-width: 1200px;\n            margin: 0 auto;\n            padding: 0 15px;\n        }\n\n        \/* Animations *\/\n        @keyframes fadeInUp {\n            from { opacity: 0; transform: translateY(20px); }\n            to { opacity: 1; transform: translateY(0); }\n        }\n\n        @keyframes pulse {\n            0%, 100% { transform: scale(1); }\n            50% { transform: scale(1.05); }\n        }\n\n        @keyframes glow {\n            0%, 100% { box-shadow: 0 0 5px rgba(244, 118, 11, 0.3); }\n            50% { box-shadow: 0 0 15px rgba(244, 118, 11, 0.5); }\n        }\n\n        .fade-in-up { animation: fadeInUp 0.6s ease-out; }\n        .pulse-animation { animation: pulse 2s infinite; }\n        .glow-animation { animation: glow 2s infinite; }\n\n        \/* Hero *\/\n        .hero-section {\n            background: var(--gray-light) url('\/images\/img3.png');\n            background-size: cover;\n            background-position: center;\n            color: var(--text-dark);\n            padding: clamp(60px, 10vw, 80px) 0;\n            text-align: center;\n            position: relative;\n        }\n\n        .hero-section::before {\n            content: '';\n            position: absolute;\n            top: 0;\n            left: 0;\n            right: 0;\n            bottom: 0;\n            background: rgba(0, 0, 0, 0.4);\n            z-index: 1;\n        }\n\n        .hero-content {\n            position: relative;\n            z-index: 2;\n        }\n\n        .hero-title {\n            font-size: clamp(1.8rem, 5vw, 2.8rem);\n            font-weight: 700;\n            margin-bottom: 1.2rem;\n            line-height: 1.2;\n            color: var(--white);\n        }\n\n        .hero-subtitle {\n            font-size: clamp(1rem, 2.5vw, 1.1rem);\n            margin-bottom: 1.5rem;\n            max-width: 90%;\n            margin-left: auto;\n            margin-right: auto;\n            opacity: 0.95;\n            color: var(--white);\n        }\n\n        .cta-button {\n            display: inline-block;\n            padding: clamp(12px, 2vw, 14px) clamp(20px, 4vw, 25px);\n            font-size: clamp(0.9rem, 2vw, 1rem);\n            font-weight: 600;\n            text-decoration: none;\n            border-radius: 50px;\n            transition: all 0.3s ease;\n            position: relative;\n            overflow: hidden;\n            touch-action: manipulation;\n        }\n\n        .cta-button.primary {\n            background: var(--primary-color);\n            color: var(--white);\n            box-shadow: 0 5px 15px rgba(244, 118, 11, 0.3);\n        }\n\n        .cta-button.primary:hover {\n            transform: translateY(-2px);\n            box-shadow: 0 8px 20px rgba(244, 118, 11, 0.4);\n        }\n\n        .cta-button.secondary {\n            background: transparent;\n            color: var(--primary-dark);\n            border: 2px solid var(--primary-dark);\n        }\n\n        .cta-button.secondary:hover {\n            background: var(--primary-dark);\n            color: var(--white);\n        }\n\n        .cta-button.large {\n            padding: clamp(14px, 2.5vw, 16px) clamp(25px, 5vw, 30px);\n            font-size: clamp(1rem, 2.2vw, 1.1rem);\n        }\n\n        .hero-trust {\n            margin-top: 1.5rem;\n            font-size: clamp(0.8rem, 2vw, 0.9rem);\n            opacity: 0.8;\n            color: var(--white);\n        }\n\n        \/* Sections *\/\n        .problems-section {\n            background: var(--gray-light) url('\/images\/.png');\nbackground-opacity: 60%;\n            background-size: cover;\n            background-position: center;\n            padding: clamp(40px, 8vw, 60px) 0;\n            position: relative;\n        }\n\n        .problems-section::before {\n            content: '';\n            position: absolute;\n            top: 0;\n            left: 0;\n            right: 0;\n            bottom: 0;\n            background: rgba(255, 255, 255, 0.5);\n            z-index: 1;\n        }\n\n        .problems-section .container {\n            position: relative;\n            z-index: 2;\n        }\n\n        .plan-section, .presentation-section {\n            background: var(--gray-light);\n            padding: clamp(40px, 8vw, 60px) 0;\n        }\n\n        .consequences-section {\n            background: var(--white);\n            color: var(--text-dark);\n            padding: clamp(40px, 8vw, 60px) 0;\n        }\n\n        .benefits-section {\n            background: var(--secondary-bg);\n            color: var(--text-dark);\n            padding: clamp(40px, 8vw, 60px) 0;\n        }\n\n        .final-cta-section {\n            background: var(--gray-light);\n            padding: clamp(50px, 10vw, 80px) 0;\n            text-align: center;\n        }\n\n        .section-title {\n            font-size: clamp(1.6rem, 4vw, 2rem);\n            font-weight: 700;\n            text-align: center;\n            margin-bottom: 2rem;\n            color: var(--primary-dark);\n        }\n\n        .section-title::after {\n            content: '';\n            display: block;\n            width: 50px;\n            height: 3px;\n            background: var(--primary-color);\n            margin: 0.8rem auto;\n            border-radius: 2px;\n        }\n\n        \/* Grilles *\/\n        .problems-grid, .steps-grid, .consequences-grid, .benefits-grid {\n            display: grid;\n            grid-template-columns: repeat(auto-fit, minmax(250px, 1fr));\n            gap: 1.5rem;\n            margin-top: 2rem;\n        }\n\n        \/* Cartes *\/\n        .problem-card, .step-card, .consequence-card, .benefit-card {\n            background: var(--white);\n            padding: 1.5rem;\n            border-radius: 15px;\n            text-align: center;\n            box-shadow: 0 5px 15px rgba(0,0,0,0.1);\n            transition: all 0.3s ease;\n        }\n\n        .problem-card:hover, .step-card:hover {\n            transform: translateY(-3px);\n            box-shadow: 0 8px 20px rgba(0,0,0,0.15);\n        }\n\n        .consequence-card, .benefit-card {\n            background: rgba(255,255,255,0.9);\n            backdrop-filter: blur(8px);\n        }\n\n        .problem-icon, .consequence-icon, .benefit-icon {\n            font-size: 2.5rem;\n            display: block;\n            margin-bottom: 0.8rem;\n            color: var(--primary-dark);\n        }\n\n        .step-number {\n            width: 50px;\n            height: 50px;\n            background: var(--primary-color);\n            color: var(--white);\n            border-radius: 50%;\n            display: flex;\n            align-items: center;\n            justify-content: center;\n            font-size: 1.2rem;\n            font-weight: 700;\n            margin: 0 auto 0.8rem;\n        }\n\n        .problem-title, .step-card h3, .consequence-card h3, .benefit-card h3 {\n            font-size: clamp(1.2rem, 3vw, 1.4rem);\n            font-weight: 600;\n            margin-bottom: 0.8rem;\n            color: var(--primary-dark);\n        }\n\n        .problem-card p, .step-card p, .consequence-card p, .benefit-card p {\n            color: var(--text-gray);\n            font-size: clamp(0.9rem, 2vw, 1rem);\n        }\n\n        \/* Stats *\/\n        .stats-grid {\n            display: grid;\n            grid-template-columns: repeat(auto-fit, minmax(120px, 1fr));\n            gap: 1.5rem;\n            margin: 2rem 0;\n        }\n\n        .stat-number {\n            display: block;\n            font-size: clamp(1.8rem, 5vw, 2.5rem);\n            font-weight: 700;\n            color: var(--primary-color);\n            margin-bottom: 0.5rem;\n        }\n\n        .stat-label {\n            font-size: clamp(0.8rem, 2vw, 0.9rem);\n            color: var(--text-gray);\n            font-weight: 500;\n            text-transform: uppercase;\n        }\n\n        \/* CTA Final *\/\n        .final-title {\n            font-size: clamp(1.6rem, 4vw, 2.2rem);\n            margin-bottom: 1.2rem;\n            color: var(--primary-dark);\n        }\n\n        .final-cta-content p {\n            font-size: clamp(0.9rem, 2.5vw, 1rem);\n            margin-bottom: 1.5rem;\n            color: var(--text-dark);\n            max-width: 90%;\n            margin-left: auto;\n            margin-right: auto;\n        }\n\n        .cta-trust {\n            margin-top: 1.5rem;\n            font-size: clamp(0.7rem, 2vw, 0.8rem);\n            color: var(--text-gray);\n        }\n\n        \/* Responsive Mobile *\/\n        @media (max-width: 768px) {\n            .hero-section { padding: clamp(40px, 8vw, 50px) 0; }\n            .problems-section, .plan-section, .presentation-section, \n            .consequences-section, .benefits-section { padding: clamp(30px, 6vw, 40px) 0; }\n            .final-cta-section { padding: clamp(40px, 8vw, 50px) 0; }\n            \n            .cta-button { \n                padding: clamp(10px, 2vw, 12px) clamp(15px, 3vw, 20px); \n                font-size: clamp(0.85rem, 2vw, 0.95rem);\n            }\n            \n            .cta-button.large {\n                padding: clamp(12px, 2.5vw, 14px) clamp(20px, 4vw, 25px);\n                font-size: clamp(0.95rem, 2.2vw, 1.05rem);\n            }\n\n            .problems-grid, .steps-grid, .consequences-grid, .benefits-grid {\n                grid-template-columns: 1fr;\n                gap: 1rem;\n            }\n\n            .stats-grid {\n                grid-template-columns: repeat(2, 1fr);\n                gap: 1rem;\n            }\n        }\n\n        @media (max-width: 480px) {\n            .container { padding: 0 10px; }\n            .hero-title { font-size: clamp(1.5rem, 4vw, 2rem); }\n            .hero-subtitle { font-size: clamp(0.9rem, 2vw, 1rem); }\n            .section-title { font-size: clamp(1.4rem, 3.5vw, 1.8rem); }\n            .stats-grid { grid-template-columns: 1fr; }\n            .problem-card, .step-card, .consequence-card, .benefit-card {\n                padding: 1.2rem;\n            }\n            .fade-in-up { animation-duration: 0.4s; }\n        }\n    <\/style>\n<\/head>\n<body>\n    <div class=\"diagnostic-digital-container\">\n        <!-- Section Hero -->\n        <section class=\"hero-section\">\n            <div class=\"container\">\n                <div class=\"hero-content\">\n                    <h1 class=\"hero-title\">Votre entreprise perd-elle des opportunit\u00e9s tous les jours parce qu&rsquo;elle n&rsquo;est pas assez digitale? ?<\/h1>\n                    <p class=\"hero-subtitle\">80% des business perdent des clients chaque jour parce qu&rsquo;ils n&rsquo;utilisent pas le digital comme ils devraient. Et si vous pouviez identifier exactement o\u00f9 vous perdez du terrain?<\/p>\n                    <a href=\"https:\/\/mnbaservices.com\/index.php\/digital-quizz\/\" class=\"cta-button primary pulse-animation\">\ud83d\udcca Passer le diagnostic maintenant (5 mins)<\/a>\n                    <p class=\"hero-trust\">Plus de 500 entrepreneurs ont d\u00e9j\u00e0 boost\u00e9 leur activit\u00e9 avec ce diagnostic<\/p>\n                <\/div>\n            <\/div>\n        <\/section>\n\n        <!-- Section Probl\u00e8mes -->\n        <section class=\"problems-section\">\n            <div class=\"container\">\n                <h2 class=\"section-title\">Le probl\u00e8me que 9 startups sur 10 rencontrent et qui les ralentissent<\/h2>\n                <div class=\"problems-grid\">\n                    <div class=\"problem-card\">\n                        <div class=\"problem-icon\">\ud83d\udcf1<\/div>\n                        <h3 class=\"problem-title\">Visibilit\u00e9 Z\u00e9ro<\/h3>\n                        <p>Vos clients potentiels ne vous trouvent pas sur Google ou les r\u00e9seaux sociaux. \n                        Chaque jour, vous perdez des opportunit\u00e9s sans m\u00eame le savoir.<\/p>\n                    <\/div>\n                    <div class=\"problem-card\">\n                        <div class=\"problem-icon\">\ud83d\udcb8<\/div>\n                        <h3 class=\"problem-title\">Processus Manuels<\/h3>\n                        <p>Factures Excel, suivi clients sur papier, communication fragment\u00e9e&#8230; \n                        Vous perdez du temps et de l&rsquo;argent \u00e0 chaque \u00e9tape.<\/p>\n                    <\/div>\n                    <div class=\"problem-card\">\n                        <div class=\"problem-icon\">\ud83d\udcc9<\/div>\n                        <h3 class=\"problem-title\">Concurrence Invisible<\/h3>\n                        <p>Vos concurrents plus digitaux captent vos clients. \n                        Vous \u00eates en retard sans m\u00eame vous en rendre compte.<\/p>\n                    <\/div>\n                <\/div>\n            <\/div>\n        <\/section>\n\n        <!-- Section Pr\u00e9sentation -->\n        <section class=\"presentation-section\">\n            <div class=\"container\">\n                <div class=\"presentation-content\">\n                    <h2 class=\"section-title\">Nous sommes votre guide vers la transformation digitale<\/h2>\n                    <p>Depuis 5 ans, nous aidons les startups comme la v\u00f4tre \u00e0 doubler leur visibilit\u00e9 en 3 mois \n                    et augmenter leurs ventes de 40% gr\u00e2ce \u00e0 une strat\u00e9gie digitale simple et efficace.<\/p>\n                    \n                    <div class=\"stats-grid\">\n                        <div class=\"stat-item\">\n                            <span class=\"stat-number\">500+<\/span>\n                            <span class=\"stat-label\">Startups accompagn\u00e9es<\/span>\n                        <\/div>\n                        <div class=\"stat-item\">\n                            <span class=\"stat-number\">3x<\/span>\n                            <span class=\"stat-label\">Visibilit\u00e9 multipli\u00e9e<\/span>\n                        <\/div>\n                        <div class=\"stat-item\">\n                            <span class=\"stat-number\">40%<\/span>\n                            <span class=\"stat-label\">Ventes augment\u00e9es<\/span>\n                        <\/div>\n                        <div class=\"stat-item\">\n                            <span class=\"stat-number\">97%<\/span>\n                            <span class=\"stat-label\">Satisfaction clients<\/span>\n                        <\/div>\n                    <\/div>\n                    \n                    <a href=\"https:\/\/mnbaservices.com\/index.php\/digital-quizz\/\" class=\"cta-button secondary\">\ud83d\udc49 D\u00e9couvrir mon niveau actuel<\/a>\n                <\/div>\n            <\/div>\n        <\/section>\n\n        <!-- Section Plan 3 \u00e9tapes -->\n        <section class=\"plan-section\">\n            <div class=\"container\">\n                <h2 class=\"section-title\">Notre plan en 3 \u00e9tapes simples<\/h2>\n                <div class=\"steps-grid\">\n                    <div class=\"step-card\">\n                        <div class=\"step-number\">1<\/div>\n                        <h3>Diagnostic Express<\/h3>\n                        <p>5 minutes efficaces pour \u00e9valuer votre niveau de digitalisation actuel \n                        et identifier vos points forts\/faibles.<\/p>\n                    <\/div>\n                    <div class=\"step-card\">\n                        <div class=\"step-number\">2<\/div>\n                        <h3>Score &#038; Recommandations<\/h3>\n                        <p>Recevez instantan\u00e9ment votre score sur 100 et un rapport personnalis\u00e9 avec \n                        les 3 priorit\u00e9s imm\u00e9diates pour votre entreprise.<\/p>\n                    <\/div>\n                    <div class=\"step-card\">\n                        <div class=\"step-number\">3<\/div>\n                        <h3>Plan d&rsquo;Action Personnalis\u00e9<\/h3>\n                        <p>Pour 10 000 F seulement, d\u00e9bloquez votre plan d&rsquo;action d\u00e9taill\u00e9 \n                        avec les outils et \u00e9tapes pour transformer votre diagnostic en r\u00e9sultats concrets et r\u00e9servez une s\u00e9ance de consultation gratuite pour aller plus loin.<\/p>\n                    <\/div>\n                <\/div>\n                <a href=\"https:\/\/mnbaservices.com\/index.php\/digital-quizz\/\" class=\"cta-button primary large\">\ud83d\ude80 Commencer mon diagnostic ici<\/a>\n            <\/div>\n        <\/section>\n\n        <!-- Section Cons\u00e9quences -->\n        <section class=\"consequences-section\">\n            <div class=\"container\">\n                <h2 class=\"section-title\">Ce qui arrive quand vous ignorez votre diagnostic digital<\/h2>\n                <div class=\"consequences-grid\">\n                    <div class=\"consequence-card\">\n                        <div class=\"consequence-icon\">\ud83d\udcc9<\/div>\n                        <h3>-30% de CA<\/h3>\n                        <p>Vos concurrents captent vos clients pendant que vous restez invisible<\/p>\n                    <\/div>\n                    <div class=\"consequence-card\">\n                        <div class=\"consequence-icon\">\u23f0<\/div>\n                        <h3>+50h\/semaine<\/h3>\n                        <p>Perdues dans les t\u00e2ches manuelles au lieu de d\u00e9velopper votre business<\/p>\n                    <\/div>\n                    <div class=\"consequence-card\">\n                        <div class=\"consequence-icon\">\ud83d\udc94<\/div>\n                        <h3>Clients frustr\u00e9s<\/h3>\n                        <p>R\u00e9ponses lentes et processus compliqu\u00e9s = avis n\u00e9gatifs<\/p>\n                    <\/div>\n                <\/div>\n            <\/div>\n        <\/section>\n\n        <!-- Section B\u00e9n\u00e9fices -->\n        <section class=\"benefits-section\">\n            <div class=\"container\">\n                <h2 class=\"section-title\">Ce qui vous attend apr\u00e8s votre diagnostic<\/h2>\n                <div class=\"benefits-grid\">\n                    <div class=\"benefit-card\">\n                        <div class=\"benefit-icon\">\ud83d\udcc8<\/div>\n                        <h3>Visibilit\u00e9 Explosive<\/h3>\n                        <p>+200% de trafic sur votre site et r\u00e9seaux sociaux en 3 mois. \n                        Vos clients vous trouvent facilement sur Google.<\/p>\n                    <\/div>\n                    <div class=\"benefit-card\">\n                        <div class=\"benefit-icon\">\ud83d\udcb0<\/div>\n                        <h3>Ventes Automatis\u00e9es<\/h3>\n                        <p>Processus fluides qui g\u00e9n\u00e8rent des ventes 24\/7. \n                        Plus besoin de suivre chaque client manuellement.<\/p>\n                    <\/div>\n                    <div class=\"benefit-card\">\n                        <div class=\"benefit-icon\">\u2b50<\/div>\n                        <h3>Clients Fid\u00e8les<\/h3>\n                        <p>Service client irr\u00e9prochable qui g\u00e9n\u00e8re des avis 5 \u00e9toiles \n                        et du bouche-\u00e0-oreille automatique.<\/p>\n                    <\/div>\n                <\/div>\n            <\/div>\n        <\/section>\n\n        <!-- Section CTA Final -->\n        <section class=\"final-cta-section\">\n            <div class=\"container\">\n                <div class=\"final-cta-content\">\n                    <h2 class=\"final-title\">Pr\u00eat \u00e0 transformer votre entreprise digitale ?<\/h2>\n                    <p>En 5 minutes, vous saurez exactement o\u00f9 vous en \u00eates et comment passer au niveau sup\u00e9rieur.<\/p>\n                    <a href=\"https:\/\/mnbaservices.com\/index.php\/digital-quizz\/\" class=\"cta-button primary large glow-animation\">\ud83c\udfaf Lancer mon diagnostic maintenant <\/a>\n                    <p class=\"cta-trust\">\ud83d\udd12 100% s\u00e9curis\u00e9 \u2022 \ud83d\udce7 R\u00e9sultats imm\u00e9diats \u2022 \ud83d\udcb0 Investissement minime pour un impact maximum<\/p>\n                <\/div>\n            <\/div>\n        <\/section>\n    <\/div>\n\n    <script>\n        document.addEventListener('DOMContentLoaded', function() {\n            \/\/ Animation au scroll\n            const observer = new IntersectionObserver((entries) => {\n                entries.forEach(entry => {\n                    if (entry.isIntersecting) {\n                        entry.target.classList.add('fade-in-up');\n                    }\n                });\n            }, { threshold: 0.1 });\n\n            document.querySelectorAll('.hero-section, .problems-section, .plan-section, .presentation-section, .consequences-section, .benefits-section, .final-cta-section').forEach(el => {\n                observer.observe(el);\n            });\n        });\n    <\/script>\n<\/body>\n<\/html>\n","protected":false},"excerpt":{"rendered":"<p>Diagnostic Digital Votre entreprise perd-elle des opportunit\u00e9s tous les jours parce qu&rsquo;elle n&rsquo;est pas assez digitale? ? 80% des business perdent des clients chaque jour parce qu&rsquo;ils n&rsquo;utilisent pas le digital comme ils devraient. Et si vous pouviez identifier exactement o\u00f9 vous perdez du terrain? \ud83d\udcca Passer le diagnostic maintenant (5 mins) Plus de 500 [&hellip;]<\/p>\n","protected":false},"author":1,"featured_media":0,"parent":0,"menu_order":0,"comment_status":"closed","ping_status":"closed","template":"","meta":{"om_disable_all_campaigns":false,"_monsterinsights_skip_tracking":false,"_monsterinsights_sitenote_active":false,"_monsterinsights_sitenote_note":"","_monsterinsights_sitenote_category":0,"_joinchat":[],"footnotes":""},"class_list":["post-139","page","type-page","status-publish","hentry"],"aioseo_notices":[],"featured_image_src":null,"featured_image_src_square":null,"_links":{"self":[{"href":"https:\/\/mnbaservices.com\/index.php\/wp-json\/wp\/v2\/pages\/139","targetHints":{"allow":["GET"]}}],"collection":[{"href":"https:\/\/mnbaservices.com\/index.php\/wp-json\/wp\/v2\/pages"}],"about":[{"href":"https:\/\/mnbaservices.com\/index.php\/wp-json\/wp\/v2\/types\/page"}],"author":[{"embeddable":true,"href":"https:\/\/mnbaservices.com\/index.php\/wp-json\/wp\/v2\/users\/1"}],"replies":[{"embeddable":true,"href":"https:\/\/mnbaservices.com\/index.php\/wp-json\/wp\/v2\/comments?post=139"}],"version-history":[{"count":79,"href":"https:\/\/mnbaservices.com\/index.php\/wp-json\/wp\/v2\/pages\/139\/revisions"}],"predecessor-version":[{"id":330,"href":"https:\/\/mnbaservices.com\/index.php\/wp-json\/wp\/v2\/pages\/139\/revisions\/330"}],"wp:attachment":[{"href":"https:\/\/mnbaservices.com\/index.php\/wp-json\/wp\/v2\/media?parent=139"}],"curies":[{"name":"wp","href":"https:\/\/api.w.org\/{rel}","templated":true}]}}