

{"id":81,"date":"2024-08-06T20:26:25","date_gmt":"2024-08-06T18:26:25","guid":{"rendered":"https:\/\/mnbaservices.com\/?page_id=81"},"modified":"2024-08-06T20:31:29","modified_gmt":"2024-08-06T18:31:29","slug":"bienvenue-a-la-page-dinscription-2","status":"publish","type":"page","link":"https:\/\/mnbaservices.com\/index.php\/bienvenue-a-la-page-dinscription-2\/","title":{"rendered":"TIC&rsquo;elle"},"content":{"rendered":"\n<p>Bienvenue \u00e0 la page d&rsquo;inscription<\/p>\n\n\n\n<p>TIC&rsquo;elle est sponsoris\u00e9e par l&rsquo;entreprise MNBA Services.<\/p>\n\n\n<div class=\"wpforms-container wpforms-container-full wpforms-block\" id=\"wpforms-71\"><form id=\"wpforms-form-71\" class=\"wpforms-validate wpforms-form wpforms-ajax-form\" data-formid=\"71\" method=\"post\" enctype=\"multipart\/form-data\" action=\"\/index.php\/wp-json\/wp\/v2\/pages\/81\" data-token=\"d684d6ad9692d8fdbc41adabc019ba3b\" data-token-time=\"1777615255\"><noscript class=\"wpforms-error-noscript\">Veuillez activer JavaScript dans votre navigateur pour remplir ce formulaire.<\/noscript><div class=\"wpforms-field-container\"><div id=\"wpforms-71-field_1-container\" class=\"wpforms-field wpforms-field-name\" data-field-id=\"1\"><label class=\"wpforms-field-label\">Pr\u00e9nom et Nom <span class=\"wpforms-required-label\">*<\/span><\/label><div class=\"wpforms-field-row wpforms-field-medium\"><div class=\"wpforms-field-row-block wpforms-first wpforms-one-half\"><input type=\"text\" id=\"wpforms-71-field_1\" class=\"wpforms-field-name-first wpforms-field-required\" name=\"wpforms[fields][1][first]\" required><label for=\"wpforms-71-field_1\" class=\"wpforms-field-sublabel after\">Pr\u00e9nom<\/label><\/div><div class=\"wpforms-field-row-block wpforms-one-half\"><input type=\"text\" id=\"wpforms-71-field_1-last\" class=\"wpforms-field-name-last wpforms-field-required\" name=\"wpforms[fields][1][last]\" required><label for=\"wpforms-71-field_1-last\" class=\"wpforms-field-sublabel after\">Nom<\/label><\/div><\/div><\/div><div id=\"wpforms-71-field_4-container\" class=\"wpforms-field wpforms-field-number\" data-field-id=\"4\"><label class=\"wpforms-field-label\" for=\"wpforms-71-field_4\">Num\u00e9ro de t\u00e9l\u00e9phone <span class=\"wpforms-required-label\">*<\/span><\/label><input type=\"number\" id=\"wpforms-71-field_4\" class=\"wpforms-field-medium wpforms-field-required\" name=\"wpforms[fields][4]\" value=\"+221\" step=\"any\" required><\/div><div id=\"wpforms-71-field_2-container\" class=\"wpforms-field wpforms-field-email\" data-field-id=\"2\"><label class=\"wpforms-field-label\" for=\"wpforms-71-field_2\">Email <span class=\"wpforms-required-label\">*<\/span><\/label><input type=\"email\" id=\"wpforms-71-field_2\" class=\"wpforms-field-medium wpforms-field-required\" name=\"wpforms[fields][2]\" spellcheck=\"false\" required><\/div><div id=\"wpforms-71-field_3-container\" class=\"wpforms-field wpforms-field-checkbox wpforms-list-inline\" data-field-id=\"3\"><label class=\"wpforms-field-label\">Vous \u00eates <span class=\"wpforms-required-label\">*<\/span><\/label><ul id=\"wpforms-71-field_3\" class=\"wpforms-randomize wpforms-field-required wpforms-image-choices wpforms-image-choices-modern\" data-choice-limit=\"1\"><li class=\"choice-1 depth-1 wpforms-image-choices-item\"><label class=\"wpforms-field-label-inline\" for=\"wpforms-71-field_3_1\" tabindex=\"0\"><span class=\"wpforms-image-choices-image\"><\/span><input type=\"checkbox\" id=\"wpforms-71-field_3_1\" class=\"wpforms-screen-reader-element\" data-rule-check-limit=\"true\" name=\"wpforms[fields][3][]\" value=\"Lyc\u00e9enne ou coll\u00e9gienne\" tabindex=\"-1\" required ><span class=\"wpforms-image-choices-label\">Lyc\u00e9enne ou coll\u00e9gienne<\/span><\/label><\/li><li class=\"choice-2 depth-1 wpforms-image-choices-item\"><label class=\"wpforms-field-label-inline\" for=\"wpforms-71-field_3_2\" tabindex=\"0\"><span class=\"wpforms-image-choices-image\"><\/span><input type=\"checkbox\" id=\"wpforms-71-field_3_2\" class=\"wpforms-screen-reader-element\" data-rule-check-limit=\"true\" name=\"wpforms[fields][3][]\" value=\"Etudiante en TIC\" tabindex=\"-1\" required ><span class=\"wpforms-image-choices-label\">Etudiante en TIC<\/span><\/label><\/li><li class=\"choice-3 depth-1 wpforms-image-choices-item\"><label class=\"wpforms-field-label-inline\" for=\"wpforms-71-field_3_3\" tabindex=\"0\"><span class=\"wpforms-image-choices-image\"><\/span><input type=\"checkbox\" id=\"wpforms-71-field_3_3\" class=\"wpforms-screen-reader-element\" data-rule-check-limit=\"true\" name=\"wpforms[fields][3][]\" value=\"Professionnelle des TIC\" tabindex=\"-1\" required ><span class=\"wpforms-image-choices-label\">Professionnelle des TIC<\/span><\/label><\/li><li class=\"choice-4 depth-1 wpforms-image-choices-item\"><label class=\"wpforms-field-label-inline\" for=\"wpforms-71-field_3_4\" tabindex=\"0\"><span class=\"wpforms-image-choices-image\"><\/span><input type=\"checkbox\" id=\"wpforms-71-field_3_4\" class=\"wpforms-screen-reader-element\" data-rule-check-limit=\"true\" name=\"wpforms[fields][3][]\" value=\"En reconversion\" tabindex=\"-1\" required ><span class=\"wpforms-image-choices-label\">En reconversion<\/span><\/label><\/li><\/ul><\/div><\/div><!-- .wpforms-field-container --><div class=\"wpforms-submit-container\" ><input type=\"hidden\" name=\"wpforms[id]\" value=\"71\"><input type=\"hidden\" name=\"page_title\" value=\"\"><input type=\"hidden\" name=\"page_url\" value=\"https:\/\/mnbaservices.com\/index.php\/wp-json\/wp\/v2\/pages\/81\"><input type=\"hidden\" name=\"url_referer\" value=\"\"><button type=\"submit\" name=\"wpforms[submit]\" id=\"wpforms-submit-71\" class=\"wpforms-submit\" data-alt-text=\"Sending...\" data-submit-text=\"Je r\u00e9serve ma place\" aria-live=\"assertive\" value=\"wpforms-submit\">Je r\u00e9serve ma place<\/button><img decoding=\"async\" src=\"https:\/\/mnbaservices.com\/wp-content\/plugins\/wpforms-lite\/assets\/images\/submit-spin.svg\" class=\"wpforms-submit-spinner\" style=\"display: none;\" width=\"26\" height=\"26\" alt=\"Chargement en cours\"><\/div><\/form><\/div>  <!-- .wpforms-container -->","protected":false},"excerpt":{"rendered":"<p>Bienvenue \u00e0 la page d&rsquo;inscription TIC&rsquo;elle est sponsoris\u00e9e par l&rsquo;entreprise MNBA Services.<\/p>\n","protected":false},"author":1,"featured_media":0,"parent":0,"menu_order":0,"comment_status":"closed","ping_status":"closed","template":"","meta":{"om_disable_all_campaigns":false,"_monsterinsights_skip_tracking":false,"_monsterinsights_sitenote_active":false,"_monsterinsights_sitenote_note":"","_monsterinsights_sitenote_category":0,"_joinchat":[],"footnotes":""},"class_list":["post-81","page","type-page","status-publish","hentry"],"aioseo_notices":[],"featured_image_src":null,"featured_image_src_square":null,"_links":{"self":[{"href":"https:\/\/mnbaservices.com\/index.php\/wp-json\/wp\/v2\/pages\/81","targetHints":{"allow":["GET"]}}],"collection":[{"href":"https:\/\/mnbaservices.com\/index.php\/wp-json\/wp\/v2\/pages"}],"about":[{"href":"https:\/\/mnbaservices.com\/index.php\/wp-json\/wp\/v2\/types\/page"}],"author":[{"embeddable":true,"href":"https:\/\/mnbaservices.com\/index.php\/wp-json\/wp\/v2\/users\/1"}],"replies":[{"embeddable":true,"href":"https:\/\/mnbaservices.com\/index.php\/wp-json\/wp\/v2\/comments?post=81"}],"version-history":[{"count":4,"href":"https:\/\/mnbaservices.com\/index.php\/wp-json\/wp\/v2\/pages\/81\/revisions"}],"predecessor-version":[{"id":90,"href":"https:\/\/mnbaservices.com\/index.php\/wp-json\/wp\/v2\/pages\/81\/revisions\/90"}],"wp:attachment":[{"href":"https:\/\/mnbaservices.com\/index.php\/wp-json\/wp\/v2\/media?parent=81"}],"curies":[{"name":"wp","href":"https:\/\/api.w.org\/{rel}","templated":true}]}}